{"id":7,"date":"2026-03-17T11:46:17","date_gmt":"2026-03-17T11:46:17","guid":{"rendered":"https:\/\/barberianiunpelodetonto.rkinformatika.online\/?page_id=7"},"modified":"2026-03-26T12:02:27","modified_gmt":"2026-03-26T12:02:27","slug":"inicio","status":"publish","type":"page","link":"https:\/\/barberianiunpelodetonto.com\/eu\/","title":{"rendered":"Hasiera"},"content":{"rendered":"\t\t<div data-elementor-type=\"wp-page\" data-elementor-id=\"7\" class=\"elementor elementor-7\" data-elementor-post-type=\"page\">\n\t\t\t\t<div class=\"elementor-element elementor-element-730e66b e-flex e-con-boxed e-con e-parent\" data-id=\"730e66b\" data-element_type=\"container\" data-e-type=\"container\" data-settings=\"{&quot;background_background&quot;:&quot;classic&quot;,&quot;shape_divider_bottom&quot;:&quot;waves&quot;}\">\n\t\t\t\t\t<div class=\"e-con-inner\">\n\t\t\t\t<div class=\"elementor-shape elementor-shape-bottom\" aria-hidden=\"true\" data-negative=\"false\">\n\t\t\t<svg xmlns=\"http:\/\/www.w3.org\/2000\/svg\" viewBox=\"0 0 1000 100\" preserveAspectRatio=\"none\">\n\t<path class=\"elementor-shape-fill\" d=\"M421.9,6.5c22.6-2.5,51.5,0.4,75.5,5.3c23.6,4.9,70.9,23.5,100.5,35.7c75.8,32.2,133.7,44.5,192.6,49.7\n\tc23.6,2.1,48.7,3.5,103.4-2.5c54.7-6,106.2-25.6,106.2-25.6V0H0v30.3c0,0,72,32.6,158.4,30.5c39.2-0.7,92.8-6.7,134-22.4\n\tc21.2-8.1,52.2-18.2,79.7-24.2C399.3,7.9,411.6,7.5,421.9,6.5z\"\/>\n<\/svg>\t\t<\/div>\n\t\t\t\t\t<\/div>\n\t\t\t\t<\/div>\n\t\t<div class=\"elementor-element elementor-element-9ae26dc e-flex e-con-boxed e-con e-parent\" data-id=\"9ae26dc\" data-element_type=\"container\" data-e-type=\"container\" data-settings=\"{&quot;background_background&quot;:&quot;classic&quot;}\">\n\t\t\t\t\t<div class=\"e-con-inner\">\n\t\t\t\t\t<\/div>\n\t\t\t\t<\/div>\n\t\t<div class=\"elementor-element elementor-element-7USa3vz e-con-full e-flex e-con e-parent\" data-id=\"7USa3vz\" data-element_type=\"container\" data-e-type=\"container\" data-settings=\"{&quot;background_background&quot;:&quot;classic&quot;}\">\n\t\t<div class=\"elementor-element elementor-element-TDtbMsG e-con-full e-flex e-con e-child\" data-id=\"TDtbMsG\" data-element_type=\"container\" data-e-type=\"container\" data-settings=\"{&quot;background_background&quot;:&quot;classic&quot;}\">\n\t\t\t\t<div class=\"elementor-element elementor-element-H1sBua8 elementor-cta--valign-bottom elementor-cta--skin-classic elementor-animated-content elementor-bg-transform elementor-bg-transform-zoom-in elementor-invisible elementor-widget elementor-widget-call-to-action\" data-id=\"H1sBua8\" data-element_type=\"widget\" data-e-type=\"widget\" data-settings=\"{&quot;_animation&quot;:&quot;fadeInUp&quot;}\" data-widget_type=\"call-to-action.default\">\n\t\t\t\t\t\t\t<div class=\"elementor-cta\">\n\t\t\t\t\t\t\t<div class=\"elementor-cta__content\">\n\t\t\t\t\n\t\t\t\t\t\t\t\t\t<h2 class=\"elementor-cta__title elementor-cta__content-item elementor-content-item\">\n\t\t\t\t\t\tLa mejor experiencia de barber\u00eda en un solo lugar.\t\t\t\t\t<\/h2>\n\t\t\t\t\n\t\t\t\t\n\t\t\t\t\t\t\t<\/div>\n\t\t\t\t\t\t<\/div>\n\t\t\t\t\t\t<\/div>\n\t\t\t\t<div class=\"elementor-element elementor-element-bcbcc5b elementor-widget elementor-widget-text-editor\" data-id=\"bcbcc5b\" data-element_type=\"widget\" data-e-type=\"widget\" data-widget_type=\"text-editor.default\">\n\t\t\t\t\t\t\t\t\t<div class=\"flex flex-col text-sm pb-25\"><section class=\"text-token-text-primary w-full focus:outline-none [--shadow-height:45px] has-data-writing-block:pointer-events-none has-data-writing-block:-mt-(--shadow-height) has-data-writing-block:pt-(--shadow-height) [&amp;:has([data-writing-block])&gt;*]:pointer-events-auto scroll-mt-[calc(var(--header-height)+min(200px,max(70px,20svh)))]\" dir=\"auto\" data-turn-id=\"request-WEB:c4212446-d721-49f3-a03e-d67eb78c8d3d-4\" data-testid=\"conversation-turn-10\" data-scroll-anchor=\"true\" data-turn=\"assistant\"><div class=\"text-base my-auto mx-auto pb-10 [--thread-content-margin:var(--thread-content-margin-xs,calc(var(--spacing)*4))] @w-sm\/main:[--thread-content-margin:var(--thread-content-margin-sm,calc(var(--spacing)*6))] @w-lg\/main:[--thread-content-margin:var(--thread-content-margin-lg,calc(var(--spacing)*16))] px-(--thread-content-margin)\"><div class=\"[--thread-content-max-width:40rem] @w-lg\/main:[--thread-content-max-width:48rem] mx-auto max-w-(--thread-content-max-width) flex-1 group\/turn-messages focus-visible:outline-hidden relative flex w-full min-w-0 flex-col agent-turn\"><div class=\"flex max-w-full flex-col gap-4 grow\"><div class=\"min-h-8 text-message relative flex w-full flex-col items-end gap-2 text-start break-words whitespace-normal outline-none keyboard-focused:focus-ring [.text-message+&amp;]:mt-1\" dir=\"auto\" tabindex=\"0\" data-message-author-role=\"assistant\" data-message-id=\"41f904ab-0836-4f0b-a3ff-ada840c484c2\" data-message-model-slug=\"gpt-5-3\" data-turn-start-message=\"true\"><div class=\"flex w-full flex-col gap-1 empty:hidden\"><div class=\"markdown prose dark:prose-invert w-full wrap-break-word light markdown-new-styling\"><p data-start=\"0\" data-end=\"275\" data-is-last-node=\"\" data-is-only-node=\"\">En Barber\u00eda Ni Un Pelo de Tonto llevamos 6 a\u00f1os ofreciendo un servicio cercano y profesional, haciendo que cada visita sea especial. Trabajamos para que cada cliente salga satisfecho, con un estilo que encaje con su personalidad. Descubre lo que podemos hacer por ti.<\/p><\/div><\/div><\/div><\/div><\/div><\/div><\/section><\/div>\t\t\t\t\t\t\t\t<\/div>\n\t\t\t\t<div class=\"elementor-element elementor-element-HMlNuSG elementor-widget__width-auto elementor-align-center animated-slow elementor-invisible elementor-widget elementor-widget-button\" data-id=\"HMlNuSG\" data-element_type=\"widget\" data-e-type=\"widget\" data-settings=\"{&quot;_animation&quot;:&quot;fadeInUp&quot;}\" data-widget_type=\"button.default\">\n\t\t\t\t\t\t\t\t\t\t<a class=\"elementor-button elementor-button-link elementor-size-sm\" href=\"\/contacto\">\n\t\t\t\t\t\t<span class=\"elementor-button-content-wrapper\">\n\t\t\t\t\t\t\t\t\t<span class=\"elementor-button-text\">Pide tu cita<\/span>\n\t\t\t\t\t<\/span>\n\t\t\t\t\t<\/a>\n\t\t\t\t\t\t\t\t<\/div>\n\t\t\t\t<\/div>\n\t\t<div class=\"elementor-element elementor-element-fJtVOgU e-con-full e-flex e-con e-child\" data-id=\"fJtVOgU\" data-element_type=\"container\" data-e-type=\"container\">\n\t\t<div class=\"elementor-element elementor-element-pmONKQD e-con-full e-flex elementor-invisible e-con e-child\" data-id=\"pmONKQD\" data-element_type=\"container\" data-e-type=\"container\" data-settings=\"{&quot;background_background&quot;:&quot;classic&quot;,&quot;animation&quot;:&quot;fadeInUp&quot;}\">\n\t\t\t\t<div class=\"elementor-element elementor-element-vqgrRRk elementor-widget elementor-widget-heading\" data-id=\"vqgrRRk\" data-element_type=\"widget\" data-e-type=\"widget\" data-widget_type=\"heading.default\">\n\t\t\t\t\t<h2 class=\"elementor-heading-title elementor-size-default\">Corte Cl\u00e1sico<\/h2>\t\t\t\t<\/div>\n\t\t\t\t<div class=\"elementor-element elementor-element-5LiiUEB elementor-widget elementor-widget-text-editor\" data-id=\"5LiiUEB\" data-element_type=\"widget\" data-e-type=\"widget\" data-widget_type=\"text-editor.default\">\n\t\t\t\t\t\t\t\t\t<p>Disfruta de un corte que resalta tu estilo personal y te deja fresco. Nuestro equipo de expertos est\u00e1 listo para atenderte.<\/p>\t\t\t\t\t\t\t\t<\/div>\n\t\t\t\t<\/div>\n\t\t<div class=\"elementor-element elementor-element-nECoF0X e-con-full e-flex elementor-invisible e-con e-child\" data-id=\"nECoF0X\" data-element_type=\"container\" data-e-type=\"container\" data-settings=\"{&quot;background_background&quot;:&quot;classic&quot;,&quot;animation&quot;:&quot;fadeInUp&quot;}\">\n\t\t\t\t<div class=\"elementor-element elementor-element-OMGdMVB elementor-widget elementor-widget-heading\" data-id=\"OMGdMVB\" data-element_type=\"widget\" data-e-type=\"widget\" data-widget_type=\"heading.default\">\n\t\t\t\t\t<h2 class=\"elementor-heading-title elementor-size-default\">Afeitado Profesional<\/h2>\t\t\t\t<\/div>\n\t\t\t\t<div class=\"elementor-element elementor-element-jwJwmkL elementor-widget elementor-widget-text-editor\" data-id=\"jwJwmkL\" data-element_type=\"widget\" data-e-type=\"widget\" data-widget_type=\"text-editor.default\">\n\t\t\t\t\t\t\t\t\t<p>Siente la frescura y el cuidado que tu piel merece. Una experiencia de afeitado que va m\u00e1s all\u00e1.<\/p>\t\t\t\t\t\t\t\t<\/div>\n\t\t\t\t<\/div>\n\t\t<div class=\"elementor-element elementor-element-CkgDRMS e-con-full e-flex elementor-invisible e-con e-child\" data-id=\"CkgDRMS\" data-element_type=\"container\" data-e-type=\"container\" data-settings=\"{&quot;background_background&quot;:&quot;classic&quot;,&quot;animation&quot;:&quot;fadeInUp&quot;}\">\n\t\t\t\t<div class=\"elementor-element elementor-element-rCXzCBi elementor-widget elementor-widget-heading\" data-id=\"rCXzCBi\" data-element_type=\"widget\" data-e-type=\"widget\" data-widget_type=\"heading.default\">\n\t\t\t\t\t<h2 class=\"elementor-heading-title elementor-size-default\">Cuidado de Barba<\/h2>\t\t\t\t<\/div>\n\t\t\t\t<div class=\"elementor-element elementor-element-5l7G46P elementor-widget elementor-widget-text-editor\" data-id=\"5l7G46P\" data-element_type=\"widget\" data-e-type=\"widget\" data-widget_type=\"text-editor.default\">\n\t\t\t\t\t\t\t\t\t<p>Transforma tu barba en la envidia de todos con nuestros cuidados especializados. Te ayudamos a lucir incre\u00edble.<\/p>\t\t\t\t\t\t\t\t<\/div>\n\t\t\t\t<\/div>\n\t\t<div class=\"elementor-element elementor-element-iXZFtUp e-con-full e-flex elementor-invisible e-con e-child\" data-id=\"iXZFtUp\" data-element_type=\"container\" data-e-type=\"container\" data-settings=\"{&quot;background_background&quot;:&quot;classic&quot;,&quot;animation&quot;:&quot;fadeInUp&quot;}\">\n\t\t\t\t<div class=\"elementor-element elementor-element-vyn98yf elementor-widget elementor-widget-heading\" data-id=\"vyn98yf\" data-element_type=\"widget\" data-e-type=\"widget\" data-widget_type=\"heading.default\">\n\t\t\t\t\t<h2 class=\"elementor-heading-title elementor-size-default\">Testimonios de Nuestros Clientes<\/h2>\t\t\t\t<\/div>\n\t\t\t\t<div class=\"elementor-element elementor-element-5dZr4Ir elementor-widget elementor-widget-text-editor\" data-id=\"5dZr4Ir\" data-element_type=\"widget\" data-e-type=\"widget\" data-widget_type=\"text-editor.default\">\n\t\t\t\t\t\t\t\t\t<p>\u00abEl mejor corte que he tenido. Servicio excepcional, definitivamente volver\u00e9!\u00bb \u2013 Juan P.<\/p>\t\t\t\t\t\t\t\t<\/div>\n\t\t\t\t<\/div>\n\t\t\t\t<\/div>\n\t\t\t\t<\/div>\n\t\t<div class=\"elementor-element elementor-element-87b2623 e-flex e-con-boxed e-con e-parent\" data-id=\"87b2623\" data-element_type=\"container\" data-e-type=\"container\">\n\t\t\t\t\t<div class=\"e-con-inner\">\n\t\t\t\t\t<\/div>\n\t\t\t\t<\/div>\n\t\t<div class=\"elementor-element elementor-element-d20a7de e-flex e-con-boxed e-con e-parent\" data-id=\"d20a7de\" data-element_type=\"container\" data-e-type=\"container\" data-settings=\"{&quot;background_background&quot;:&quot;classic&quot;}\">\n\t\t\t\t\t<div class=\"e-con-inner\">\n\t\t<div class=\"elementor-element elementor-element-e48885b e-con-full e-flex e-con e-child\" data-id=\"e48885b\" data-element_type=\"container\" data-e-type=\"container\" data-settings=\"{&quot;background_background&quot;:&quot;classic&quot;}\">\n\t\t\t\t<div class=\"elementor-element elementor-element-ce7b59f elementor-widget elementor-widget-heading\" data-id=\"ce7b59f\" data-element_type=\"widget\" data-e-type=\"widget\" data-widget_type=\"heading.default\">\n\t\t\t\t\t<h2 class=\"elementor-heading-title elementor-size-default\">Descubre el estilo que mejor va contigo.<\/h2>\t\t\t\t<\/div>\n\t\t\t\t<div class=\"elementor-element elementor-element-6515a45 elementor-invisible elementor-widget elementor-widget-button\" data-id=\"6515a45\" data-element_type=\"widget\" data-e-type=\"widget\" data-settings=\"{&quot;_animation&quot;:&quot;fadeInUp&quot;}\" data-widget_type=\"button.default\">\n\t\t\t\t\t\t\t\t\t\t<a class=\"elementor-button elementor-button-link elementor-size-sm\" href=\"\/servicios\">\n\t\t\t\t\t\t<span class=\"elementor-button-content-wrapper\">\n\t\t\t\t\t\t<span class=\"elementor-button-icon\">\n\t\t\t\t<svg aria-hidden=\"true\" class=\"e-font-icon-svg e-fas-mouse-pointer\" viewBox=\"0 0 320 512\" xmlns=\"http:\/\/www.w3.org\/2000\/svg\"><path d=\"M302.189 329.126H196.105l55.831 135.993c3.889 9.428-.555 19.999-9.444 23.999l-49.165 21.427c-9.165 4-19.443-.571-23.332-9.714l-53.053-129.136-86.664 89.138C18.729 472.71 0 463.554 0 447.977V18.299C0 1.899 19.921-6.096 30.277 5.443l284.412 292.542c11.472 11.179 3.007 31.141-12.5 31.141z\"><\/path><\/svg>\t\t\t<\/span>\n\t\t\t\t\t\t\t\t\t<span class=\"elementor-button-text\">Ver servicios<\/span>\n\t\t\t\t\t<\/span>\n\t\t\t\t\t<\/a>\n\t\t\t\t\t\t\t\t<\/div>\n\t\t\t\t<\/div>\n\t\t\t\t\t<\/div>\n\t\t\t\t<\/div>\n\t\t\t\t<\/div>\n\t\t","protected":false},"excerpt":{"rendered":"<p>La mejor experiencia de barber\u00eda en un solo lugar. En Barber\u00eda Ni Un Pelo de Tonto llevamos 6 a\u00f1os ofreciendo un servicio cercano y profesional, haciendo que cada visita sea especial. Trabajamos para que cada cliente salga satisfecho, con un estilo que encaje con su personalidad. Descubre lo que podemos hacer por ti. Pide tu [&hellip;]<\/p>\n","protected":false},"author":1,"featured_media":0,"parent":0,"menu_order":0,"comment_status":"closed","ping_status":"closed","template":"elementor_canvas","meta":{"footnotes":""},"class_list":["post-7","page","type-page","status-publish","hentry"],"yoast_head":"<!-- This site is optimized with the Yoast SEO plugin v27.5 - https:\/\/yoast.com\/product\/yoast-seo-wordpress\/ -->\n<title>Inicio - barberianiunpelodetonto<\/title>\n<meta name=\"robots\" content=\"index, follow, max-snippet:-1, max-image-preview:large, max-video-preview:-1\" \/>\n<link rel=\"canonical\" href=\"https:\/\/barberianiunpelodetonto.com\/eu\/\" \/>\n<meta property=\"og:locale\" content=\"en_US\" \/>\n<meta property=\"og:type\" content=\"article\" \/>\n<meta property=\"og:title\" content=\"Inicio - barberianiunpelodetonto\" \/>\n<meta property=\"og:description\" content=\"La mejor experiencia de barber\u00eda en un solo lugar. En Barber\u00eda Ni Un Pelo de Tonto llevamos 6 a\u00f1os ofreciendo un servicio cercano y profesional, haciendo que cada visita sea especial. Trabajamos para que cada cliente salga satisfecho, con un estilo que encaje con su personalidad. Descubre lo que podemos hacer por ti. Pide tu [&hellip;]\" \/>\n<meta property=\"og:url\" content=\"https:\/\/barberianiunpelodetonto.com\/eu\/\" \/>\n<meta property=\"og:site_name\" content=\"barberianiunpelodetonto\" \/>\n<meta property=\"article:modified_time\" content=\"2026-03-26T12:02:27+00:00\" \/>\n<meta name=\"twitter:card\" content=\"summary_large_image\" \/>\n<meta name=\"twitter:label1\" content=\"Est. reading time\" \/>\n\t<meta name=\"twitter:data1\" content=\"1 minutua\" \/>\n<script type=\"application\/ld+json\" class=\"yoast-schema-graph\">{\"@context\":\"https:\\\/\\\/schema.org\",\"@graph\":[{\"@type\":\"WebPage\",\"@id\":\"https:\\\/\\\/barberianiunpelodetonto.com\\\/\",\"url\":\"https:\\\/\\\/barberianiunpelodetonto.com\\\/\",\"name\":\"Inicio - barberianiunpelodetonto\",\"isPartOf\":{\"@id\":\"https:\\\/\\\/barberianiunpelodetonto.com\\\/#website\"},\"datePublished\":\"2026-03-17T11:46:17+00:00\",\"dateModified\":\"2026-03-26T12:02:27+00:00\",\"breadcrumb\":{\"@id\":\"https:\\\/\\\/barberianiunpelodetonto.com\\\/#breadcrumb\"},\"inLanguage\":\"eu\",\"potentialAction\":[{\"@type\":\"ReadAction\",\"target\":[\"https:\\\/\\\/barberianiunpelodetonto.com\\\/\"]}]},{\"@type\":\"BreadcrumbList\",\"@id\":\"https:\\\/\\\/barberianiunpelodetonto.com\\\/#breadcrumb\",\"itemListElement\":[{\"@type\":\"ListItem\",\"position\":1,\"name\":\"Portada\",\"item\":\"https:\\\/\\\/barberianiunpelodetonto.com\\\/\"},{\"@type\":\"ListItem\",\"position\":2,\"name\":\"Inicio\"}]},{\"@type\":\"WebSite\",\"@id\":\"https:\\\/\\\/barberianiunpelodetonto.com\\\/#website\",\"url\":\"https:\\\/\\\/barberianiunpelodetonto.com\\\/\",\"name\":\"barberianiunpelodetonto\",\"description\":\"\",\"publisher\":{\"@id\":\"https:\\\/\\\/barberianiunpelodetonto.com\\\/#organization\"},\"potentialAction\":[{\"@type\":\"SearchAction\",\"target\":{\"@type\":\"EntryPoint\",\"urlTemplate\":\"https:\\\/\\\/barberianiunpelodetonto.com\\\/?s={search_term_string}\"},\"query-input\":{\"@type\":\"PropertyValueSpecification\",\"valueRequired\":true,\"valueName\":\"search_term_string\"}}],\"inLanguage\":\"eu\"},{\"@type\":\"Organization\",\"@id\":\"https:\\\/\\\/barberianiunpelodetonto.com\\\/#organization\",\"name\":\"barberianiunpelodetonto\",\"url\":\"https:\\\/\\\/barberianiunpelodetonto.com\\\/\",\"logo\":{\"@type\":\"ImageObject\",\"inLanguage\":\"eu\",\"@id\":\"https:\\\/\\\/barberianiunpelodetonto.com\\\/#\\\/schema\\\/logo\\\/image\\\/\",\"url\":\"https:\\\/\\\/barberianiunpelodetonto.com\\\/wp-content\\\/uploads\\\/2026\\\/03\\\/niunpelodetonto202603_logo_web-scaled.png\",\"contentUrl\":\"https:\\\/\\\/barberianiunpelodetonto.com\\\/wp-content\\\/uploads\\\/2026\\\/03\\\/niunpelodetonto202603_logo_web-scaled.png\",\"width\":2560,\"height\":2560,\"caption\":\"barberianiunpelodetonto\"},\"image\":{\"@id\":\"https:\\\/\\\/barberianiunpelodetonto.com\\\/#\\\/schema\\\/logo\\\/image\\\/\"}}]}<\/script>\n<!-- \/ Yoast SEO plugin. -->","yoast_head_json":{"title":"Inicio - barberianiunpelodetonto","robots":{"index":"index","follow":"follow","max-snippet":"max-snippet:-1","max-image-preview":"max-image-preview:large","max-video-preview":"max-video-preview:-1"},"canonical":"https:\/\/barberianiunpelodetonto.com\/eu\/","og_locale":"en_US","og_type":"article","og_title":"Inicio - barberianiunpelodetonto","og_description":"La mejor experiencia de barber\u00eda en un solo lugar. En Barber\u00eda Ni Un Pelo de Tonto llevamos 6 a\u00f1os ofreciendo un servicio cercano y profesional, haciendo que cada visita sea especial. Trabajamos para que cada cliente salga satisfecho, con un estilo que encaje con su personalidad. Descubre lo que podemos hacer por ti. Pide tu [&hellip;]","og_url":"https:\/\/barberianiunpelodetonto.com\/eu\/","og_site_name":"barberianiunpelodetonto","article_modified_time":"2026-03-26T12:02:27+00:00","twitter_card":"summary_large_image","twitter_misc":{"Est. reading time":"1 minutua"},"schema":{"@context":"https:\/\/schema.org","@graph":[{"@type":"WebPage","@id":"https:\/\/barberianiunpelodetonto.com\/","url":"https:\/\/barberianiunpelodetonto.com\/","name":"Inicio - barberianiunpelodetonto","isPartOf":{"@id":"https:\/\/barberianiunpelodetonto.com\/#website"},"datePublished":"2026-03-17T11:46:17+00:00","dateModified":"2026-03-26T12:02:27+00:00","breadcrumb":{"@id":"https:\/\/barberianiunpelodetonto.com\/#breadcrumb"},"inLanguage":"eu","potentialAction":[{"@type":"ReadAction","target":["https:\/\/barberianiunpelodetonto.com\/"]}]},{"@type":"BreadcrumbList","@id":"https:\/\/barberianiunpelodetonto.com\/#breadcrumb","itemListElement":[{"@type":"ListItem","position":1,"name":"Portada","item":"https:\/\/barberianiunpelodetonto.com\/"},{"@type":"ListItem","position":2,"name":"Inicio"}]},{"@type":"WebSite","@id":"https:\/\/barberianiunpelodetonto.com\/#website","url":"https:\/\/barberianiunpelodetonto.com\/","name":"barberianiunpelodetonto","description":"","publisher":{"@id":"https:\/\/barberianiunpelodetonto.com\/#organization"},"potentialAction":[{"@type":"SearchAction","target":{"@type":"EntryPoint","urlTemplate":"https:\/\/barberianiunpelodetonto.com\/?s={search_term_string}"},"query-input":{"@type":"PropertyValueSpecification","valueRequired":true,"valueName":"search_term_string"}}],"inLanguage":"eu"},{"@type":"Organization","@id":"https:\/\/barberianiunpelodetonto.com\/#organization","name":"barberianiunpelodetonto","url":"https:\/\/barberianiunpelodetonto.com\/","logo":{"@type":"ImageObject","inLanguage":"eu","@id":"https:\/\/barberianiunpelodetonto.com\/#\/schema\/logo\/image\/","url":"https:\/\/barberianiunpelodetonto.com\/wp-content\/uploads\/2026\/03\/niunpelodetonto202603_logo_web-scaled.png","contentUrl":"https:\/\/barberianiunpelodetonto.com\/wp-content\/uploads\/2026\/03\/niunpelodetonto202603_logo_web-scaled.png","width":2560,"height":2560,"caption":"barberianiunpelodetonto"},"image":{"@id":"https:\/\/barberianiunpelodetonto.com\/#\/schema\/logo\/image\/"}}]}},"_links":{"self":[{"href":"https:\/\/barberianiunpelodetonto.com\/eu\/wp-json\/wp\/v2\/pages\/7","targetHints":{"allow":["GET"]}}],"collection":[{"href":"https:\/\/barberianiunpelodetonto.com\/eu\/wp-json\/wp\/v2\/pages"}],"about":[{"href":"https:\/\/barberianiunpelodetonto.com\/eu\/wp-json\/wp\/v2\/types\/page"}],"author":[{"embeddable":true,"href":"https:\/\/barberianiunpelodetonto.com\/eu\/wp-json\/wp\/v2\/users\/1"}],"replies":[{"embeddable":true,"href":"https:\/\/barberianiunpelodetonto.com\/eu\/wp-json\/wp\/v2\/comments?post=7"}],"version-history":[{"count":94,"href":"https:\/\/barberianiunpelodetonto.com\/eu\/wp-json\/wp\/v2\/pages\/7\/revisions"}],"predecessor-version":[{"id":396,"href":"https:\/\/barberianiunpelodetonto.com\/eu\/wp-json\/wp\/v2\/pages\/7\/revisions\/396"}],"wp:attachment":[{"href":"https:\/\/barberianiunpelodetonto.com\/eu\/wp-json\/wp\/v2\/media?parent=7"}],"curies":[{"name":"wp","href":"https:\/\/api.w.org\/{rel}","templated":true}]}}